{"id":2,"date":"2023-02-14T10:46:35","date_gmt":"2023-02-14T09:46:35","guid":{"rendered":"https:\/\/maisonsdumarais.com\/extension-renovation\/?page_id=2"},"modified":"2024-10-01T14:30:58","modified_gmt":"2024-10-01T12:30:58","slug":"page-d-exemple","status":"publish","type":"page","link":"https:\/\/maisonsdumarais.com\/extension-renovation\/","title":{"rendered":"Nos prestations"},"content":{"rendered":"\n<h1 class=\"wp-block-heading has-margin-top-20\">Extension, R\u00e9novation et R\u00e9habilitation<\/h1>\n\n\n\n<h2 class=\"wp-block-heading has-margin-bottom-15\">sur Niort, La Rochelle et leurs r\u00e9gions<\/h2>\n\n\n\n<p class=\"has-margin-bottom-15\"><strong>Vous aimeriez avoir plus de place pour cr\u00e9er un nouvel espace de nuit , ou bien vous songez \u00e0 vous servir de votre garage pour agrandir la pi\u00e8ce principale ? Vous ne manquez pas d&rsquo;id\u00e9es pour am\u00e9liorer votre habitat&#8230; EVOLU&rsquo;HABITAT vous accompagne pour faire les meilleurs choix.<\/strong><\/p>\n\n\n\n<p class=\"has-margin-bottom-15\">En effet, avec plus de 50 ans d&rsquo;exp\u00e9rience dans la construction de maisons individuelles, Maisons du Marais a cr\u00e9\u00e9 sa filiale EVOLU&rsquo;HABITAT, qui met \u00e0 votre disposition une \u00e9quipe d\u00e9di\u00e9e \u00e0 vos c\u00f4t\u00e9s dans tout projet d&rsquo;am\u00e9nagement.<\/p>\n\n\n\n<p class=\"has-margin-bottom-15\">De l&rsquo;\u00e9tude \u00e0 la r\u00e9alisation, \u00e0 chaque \u00e9tape vous b\u00e9n\u00e9ficiez d&rsquo;un interlocuteur privil\u00e9gi\u00e9, fiable et \u00e0 votre \u00e9coute pour donner corps \u00e0 vos souhaits&nbsp;!<\/p>\n\n\n\n\t<div id=\"bloc-situation\" class=\"columns is-variable is-8 is-full has-margin-top-50 has-margin-bottom-30\">\n\t\t<div class=\"column is-2\">\n\t\t\t<p class=\"has-text-justified hyphens-auto has-font-book\">Extension de<br\/>maison \u00e0 Niort<br\/>\u00a9solotiana<\/p>\n\t\t<\/div>\n\t\t<div class=\"column\">\n\t\t\t<div id=\"evolu-slideshow\" \n\t\t\t     class=\"cycle-slideshow light-gal\" \n\t\t\t     data-dynamic=\"dynamic-gal\"\n\t\t\t     data-cycle-slides=\"> a\"\n\t\t\t     data-cycle-fx=\"scrollHorz\"\n\t\t\t     data-cycle-timeout=3500\n\t\t\t     data-cycle-pause-on-hover=\"true\"\n\t\t\t     data-cycle-carousel-fluid=\"true\"\n\t\t\t     data-cycle-log=\"false\"\n\t\t\t    >\n\t\t\t    \t\t\t    \t<a href=\"#\" \n\t\t\t\t       data-slide=\"0\"\n\t             style=\"width:762px; height:501px;\">\n\t\t\t\t      <img loading=\"lazy\" decoding=\"async\" class=\"light-item\" \n\t\t\t\t           src=\"https:\/\/maisonsdumarais.com\/extension-renovation\/wp-content\/uploads\/sites\/5\/2023\/02\/\u252c\u00aesolotiana-11-1.jpg\"\n\t\t\t\t           lg-src=\"https:\/\/maisonsdumarais.com\/extension-renovation\/wp-content\/uploads\/sites\/5\/2023\/02\/\u252c\u00aesolotiana-11-1.jpg\"\n\t                 lg-thb=\"https:\/\/maisonsdumarais.com\/extension-renovation\/wp-content\/uploads\/sites\/5\/2023\/02\/\u252c\u00aesolotiana-11-1.jpg\"\n\t                 width=\"762\"\n\t                 height=\"501\" >\n\t\t\t\t    <\/a>\n\t\t\t    \t\t\t    \t<a href=\"#\" \n\t\t\t\t       data-slide=\"1\"\n\t             style=\"width:762px; height:501px;\">\n\t\t\t\t      <img loading=\"lazy\" decoding=\"async\" class=\"light-item\" \n\t\t\t\t           src=\"https:\/\/maisonsdumarais.com\/extension-renovation\/wp-content\/uploads\/sites\/5\/2023\/02\/\u252c\u00aesolotiana-22-1.jpg\"\n\t\t\t\t           lg-src=\"https:\/\/maisonsdumarais.com\/extension-renovation\/wp-content\/uploads\/sites\/5\/2023\/02\/\u252c\u00aesolotiana-22-1.jpg\"\n\t                 lg-thb=\"https:\/\/maisonsdumarais.com\/extension-renovation\/wp-content\/uploads\/sites\/5\/2023\/02\/\u252c\u00aesolotiana-22-1.jpg\"\n\t                 width=\"762\"\n\t                 height=\"501\" >\n\t\t\t\t    <\/a>\n\t\t\t    \t\t\t    \t<a href=\"#\" \n\t\t\t\t       data-slide=\"2\"\n\t             style=\"width:762px; height:501px;\">\n\t\t\t\t      <img loading=\"lazy\" decoding=\"async\" class=\"light-item\" \n\t\t\t\t           src=\"https:\/\/maisonsdumarais.com\/extension-renovation\/wp-content\/uploads\/sites\/5\/2023\/02\/\u252c\u00aesolotiana-21-1.jpg\"\n\t\t\t\t           lg-src=\"https:\/\/maisonsdumarais.com\/extension-renovation\/wp-content\/uploads\/sites\/5\/2023\/02\/\u252c\u00aesolotiana-21-1.jpg\"\n\t                 lg-thb=\"https:\/\/maisonsdumarais.com\/extension-renovation\/wp-content\/uploads\/sites\/5\/2023\/02\/\u252c\u00aesolotiana-21-1.jpg\"\n\t                 width=\"762\"\n\t                 height=\"501\" >\n\t\t\t\t    <\/a>\n\t\t\t    \t\t\t    \t<a href=\"#\" \n\t\t\t\t       data-slide=\"3\"\n\t             style=\"width:762px; height:501px;\">\n\t\t\t\t      <img loading=\"lazy\" decoding=\"async\" class=\"light-item\" \n\t\t\t\t           src=\"https:\/\/maisonsdumarais.com\/extension-renovation\/wp-content\/uploads\/sites\/5\/2023\/02\/\u252c\u00aesolotiana-20-1.jpg\"\n\t\t\t\t           lg-src=\"https:\/\/maisonsdumarais.com\/extension-renovation\/wp-content\/uploads\/sites\/5\/2023\/02\/\u252c\u00aesolotiana-20-1.jpg\"\n\t                 lg-thb=\"https:\/\/maisonsdumarais.com\/extension-renovation\/wp-content\/uploads\/sites\/5\/2023\/02\/\u252c\u00aesolotiana-20-1.jpg\"\n\t                 width=\"762\"\n\t                 height=\"501\" >\n\t\t\t\t    <\/a>\n\t\t\t    \t\t\t    \t<a href=\"#\" \n\t\t\t\t       data-slide=\"4\"\n\t             style=\"width:762px; height:501px;\">\n\t\t\t\t      <img loading=\"lazy\" decoding=\"async\" class=\"light-item\" \n\t\t\t\t           src=\"https:\/\/maisonsdumarais.com\/extension-renovation\/wp-content\/uploads\/sites\/5\/2023\/02\/\u252c\u00aesolotiana-19-1.jpg\"\n\t\t\t\t           lg-src=\"https:\/\/maisonsdumarais.com\/extension-renovation\/wp-content\/uploads\/sites\/5\/2023\/02\/\u252c\u00aesolotiana-19-1.jpg\"\n\t                 lg-thb=\"https:\/\/maisonsdumarais.com\/extension-renovation\/wp-content\/uploads\/sites\/5\/2023\/02\/\u252c\u00aesolotiana-19-1.jpg\"\n\t                 width=\"762\"\n\t                 height=\"501\" >\n\t\t\t\t    <\/a>\n\t\t\t    \t\t\t    \t<a href=\"#\" \n\t\t\t\t       data-slide=\"5\"\n\t             style=\"width:762px; height:501px;\">\n\t\t\t\t      <img loading=\"lazy\" decoding=\"async\" class=\"light-item\" \n\t\t\t\t           src=\"https:\/\/maisonsdumarais.com\/extension-renovation\/wp-content\/uploads\/sites\/5\/2023\/02\/\u252c\u00aesolotiana-16-1.jpg\"\n\t\t\t\t           lg-src=\"https:\/\/maisonsdumarais.com\/extension-renovation\/wp-content\/uploads\/sites\/5\/2023\/02\/\u252c\u00aesolotiana-16-1.jpg\"\n\t                 lg-thb=\"https:\/\/maisonsdumarais.com\/extension-renovation\/wp-content\/uploads\/sites\/5\/2023\/02\/\u252c\u00aesolotiana-16-1.jpg\"\n\t                 width=\"762\"\n\t                 height=\"501\" >\n\t\t\t\t    <\/a>\n\t\t\t    \t\t\t    \t<a href=\"#\" \n\t\t\t\t       data-slide=\"6\"\n\t             style=\"width:762px; height:501px;\">\n\t\t\t\t      <img loading=\"lazy\" decoding=\"async\" class=\"light-item\" \n\t\t\t\t           src=\"https:\/\/maisonsdumarais.com\/extension-renovation\/wp-content\/uploads\/sites\/5\/2023\/02\/\u252c\u00aesolotiana-6-1.jpg\"\n\t\t\t\t           lg-src=\"https:\/\/maisonsdumarais.com\/extension-renovation\/wp-content\/uploads\/sites\/5\/2023\/02\/\u252c\u00aesolotiana-6-1.jpg\"\n\t                 lg-thb=\"https:\/\/maisonsdumarais.com\/extension-renovation\/wp-content\/uploads\/sites\/5\/2023\/02\/\u252c\u00aesolotiana-6-1.jpg\"\n\t                 width=\"762\"\n\t                 height=\"501\" >\n\t\t\t\t    <\/a>\n\t\t\t    \t\t\t    \t<a href=\"#\" \n\t\t\t\t       data-slide=\"7\"\n\t             style=\"width:762px; height:501px;\">\n\t\t\t\t      <img loading=\"lazy\" decoding=\"async\" class=\"light-item\" \n\t\t\t\t           src=\"https:\/\/maisonsdumarais.com\/extension-renovation\/wp-content\/uploads\/sites\/5\/2023\/02\/\u252c\u00aesolotiana-1.jpg\"\n\t\t\t\t           lg-src=\"https:\/\/maisonsdumarais.com\/extension-renovation\/wp-content\/uploads\/sites\/5\/2023\/02\/\u252c\u00aesolotiana-1.jpg\"\n\t                 lg-thb=\"https:\/\/maisonsdumarais.com\/extension-renovation\/wp-content\/uploads\/sites\/5\/2023\/02\/\u252c\u00aesolotiana-1.jpg\"\n\t                 width=\"762\"\n\t                 height=\"501\" >\n\t\t\t\t    <\/a>\n\t\t\t    \t\t\t<\/div>\n\t\t\t<div id=\"dynamic-gal\" class=\"is-hidden\"><\/div>\n\t\t<\/div>\n\t<\/div>\n\n\n\n\n<div id=\"frm-contact\" class=\"wp-block-group\"><div class=\"wp-block-group__inner-container is-layout-flow wp-block-group-is-layout-flow\">\n<div class=\"wp-block-group inter-block full-width has-background-evolu-green\"><div class=\"wp-block-group__inner-container is-layout-flow wp-block-group-is-layout-flow\">\n<p class=\"has-padding-10 is-size-3 has-text-white has-text-centered\">Contactez \u00c9volu&rsquo;Habitat pour en savoir plus<\/p>\n<\/div><\/div>\n\n\n\n<div class=\"wp-block-columns is-layout-flex wp-container-core-columns-is-layout-9d6595d7 wp-block-columns-is-layout-flex\">\n<div class=\"wp-block-column is-layout-flow wp-block-column-is-layout-flow\" style=\"flex-basis:40%\">\n<p class=\"has-margin-top-15 has-text-justified hyphens-auto has-font-book\">Vous avez un projet d&rsquo;extension, de r\u00e9novation ou de r\u00e9habilitation et vous souhaitez \u00eatre accompagn\u00e9 dans la r\u00e9flexion, la pr\u00e9paration et sa r\u00e9alisation sur Niort, La Rochelle et leurs environs.<br><br>Renseignez le formulaire ci-contre :<\/p>\n<\/div>\n\n\n\n<div class=\"wp-block-column is-layout-flow wp-block-column-is-layout-flow\" style=\"flex-basis:60%\">\n\n<div id=\"frmContactTemplate\" class=\"frm-contact-wrapper\" style=\"background-color: #f2eee5;\">\n\n\t<div data-bind=\"visible: hasBeenSubmitted, html: submittedMessage\"><\/div>\n\n\t<div data-bind=\"visible: !hasBeenSubmitted()\">\n\t\t<form class=\"frm frm-contact floating-labels\" data-bind=\"submit: handleSubmit\">\n\t\t\t<div class=\"columns has-margin-bottom-none\">\n\t\t\t\t<div class=\"column is-one-half\">\n\t\t\t\t\t<div class=\"field\">\n\t\t\t\t\t\t<div class=\"control has-floating-label\">\n\t\t\t\t\t\t\t<label class=\"label\" for=\"nom\">Votre nom*<\/label>\n\t\t\t\t\t\t\t<div>\n\t\t\t\t\t\t\t\t<input type=\"text\"\n\t\t\t\t\t\t\t\t       class=\"form-control\"\n\t\t\t\t\t\t\t\t       id=\"nom\"\n\t\t\t\t\t\t\t\t       name=\"nom\"\n\t\t\t\t\t\t\t\t       data-bind=\"value: nom, css: { error: nom.error() && nom.isModified() }\" \/>\n\t\t\t\t      <\/div>\n\t\t\t     \t<\/div>\n\t\t\t    <\/div>\n\t\t\t\t<\/div>\n\t\t\t\t<div class=\"column\">\n\t\t\t\t\t<div class=\"field\">\n\t\t\t\t\t\t<div class=\"control has-floating-label\">\n\t\t\t\t\t\t\t<label class=\"label\" for=\"prenom\">Votre pr\u00e9nom*<\/label>\n\t\t\t\t\t\t\t<div>\n\t\t\t\t\t\t\t\t<input type=\"text\"\n\t\t\t\t\t\t\t\t       class=\"form-control\"\n\t\t\t\t\t\t\t\t       id=\"prenom\"\n\t\t\t\t\t\t\t\t       name=\"prenom\"\n\t\t\t\t\t\t\t\t       data-bind=\"value: prenom, css: { error: prenom.error() && prenom.isModified() }\" \/>\n\t\t\t\t\t\t\t<\/div>\n\t\t\t\t\t\t<\/div>\n\t\t\t\t\t<\/div>\n\t\t\t\t<\/div>\n\t\t\t<\/div>\n\t\t\t<div class=\"columns has-margin-bottom-none\">\n\t\t\t\t<div class=\"column is-one-third\">\n\t\t\t\t\t<div class=\"field\">\n\t\t\t\t\t\t<div class=\"control has-floating-label\">\n\t\t\t\t\t\t\t<label class=\"label\" for=\"telephone\">Votre t\u00e9l\u00e9phone*<\/label>\n\t\t\t\t\t\t\t<div >\n\t\t\t\t\t\t\t\t<input type=\"tel\"\n\t\t\t\t\t\t\t\t       class=\"form-control\"\n\t\t\t\t\t\t\t\t       maxlength=\"10\"\n\t\t\t\t\t\t\t\t       id=\"telephone\"\n\t\t\t\t\t\t\t\t       name=\"telephone\"\n\t\t\t\t\t\t           data-bind=\"value: tel, css: { error: tel.error() && tel.isModified() }\">\n\t\t\t\t\t\t\t<\/div>\n\t\t\t\t\t\t<\/div>\n\t\t\t\t\t<\/div>\n\t\t\t\t<\/div>\n\t\t\t\t<div class=\"column\">\n\t\t\t\t\t<div class=\"field\">\n\t\t\t\t\t\t<div class=\"control has-floating-label\">\n\t\t\t\t\t\t\t<label class=\"label\" for=\"email\">Votre e-mail*<\/label>\n\t\t\t\t\t\t\t<div>\n\t\t\t\t\t\t\t\t<input type=\"email\"\n\t\t\t\t\t\t\t\t       class=\"form-control\"\n\t\t\t\t\t\t\t\t       id=\"email\"\n\t\t\t\t\t\t\t\t       name=\"email\"\n\t\t\t\t\t\t           data-bind=\"value: email, css: { error: email.error() && email.isModified() }\" \/>\n\t\t\t\t\t\t\t<\/div>\n\t\t\t\t\t\t<\/div>\n\t\t\t\t\t<\/div>\n\t\t\t\t<\/div>\n\t\t\t<\/div>\n\t\t\t<!--\n\t\t\t<div class=\"field\">\n\t\t\t\t<div class=\"control has-floating-label\">\n\t\t\t\t\t<label class=\"label\" for=\"adresse\">Votre adresse<\/label>\n\t\t\t\t\t<div>\n\t\t\t\t\t\t<textarea class=\"form-control\"\n\t\t\t\t\t\t          id=\"adresse\"\n\t\t\t\t\t\t          name=\"adresse\"\n\t\t\t\t\t\t       \t\tdata-bind=\"value: adresse\"><\/textarea>\n\t\t\t\t\t<\/div>\n\t\t\t\t<\/div>\n\t\t\t<\/div>\n\t\t\t<div class=\"columns has-margin-bottom-none\">\n\t\t\t\t<div class=\"column is-one-quarter\">\n\t\t\t\t\t<div class=\"field\">\n\t\t\t\t\t\t<div class=\"control has-floating-label\">\n\t\t\t\t\t\t\t<label class=\"label\" for=\"cp\">Code postal<\/label>\n\t\t\t\t\t\t\t<div>\n\t\t\t\t\t\t\t\t<input type=\"text\"\n\t\t\t\t\t\t\t\t       class=\"form-control\"\n\t\t\t\t\t\t\t\t       id=\"cp\"\n\t\t\t\t\t\t\t\t       name=\"cp\"\n\t\t\t\t\t\t           data-bind=\"value: cp, css: { error: cp.error() && cp.isModified() }\" \/>\n\t\t\t\t\t\t\t<\/div>\n\t\t\t\t\t\t<\/div>\n\t\t\t\t\t<\/div>\n\t\t\t\t<\/div>\n\t\t\t\t<div class=\"column\">\n\t\t\t\t\t<div class=\"field\">\n\t\t\t\t\t\t<div class=\"control has-floating-label\">\n\t\t\t\t\t\t\t<label class=\"label\" for=\"ville\">Ville<\/label>\n\t\t\t\t\t\t\t<div>\n\t\t\t\t\t\t\t\t<input type=\"text\"\n\t\t\t\t\t\t\t\t       class=\"form-control\"\n\t\t\t\t\t\t\t\t       id=\"ville\"\n\t\t\t\t\t\t\t\t       name=\"ville\"\n\t\t\t\t\t\t           data-bind=\"value: ville\" \/>\n\t\t\t\t\t\t\t<\/div>\n\t\t\t\t\t\t<\/div>\n\t\t\t\t\t<\/div>\n\t\t\t\t<\/div>\n\t\t\t<\/div>\n\t\t\t-->\n\t\t\t<div class=\"columns has-margin-bottom-none\">\n\t\t\t\t<div class=\"column is-half\">\n\t\t\t\t\t<div class=\"field\">\n\t\t\t\t\t\t<div class=\"control has-floating-label\">\n\t\t\t\t\t\t\t<div class=\"columns is-vcentered\">\n\t\t\t\t\t\t\t\t<div class=\"column\">\n\t\t\t\t\t\t\t\t\t<span style=\"white-space: nowrap; color: #333333;\">Je souhaite \u00eatre rappel\u00e9 le <\/span>\n\t\t\t\t\t\t\t\t<\/div>\n\t\t\t\t\t\t\t\t<div class=\"column\">\n\t\t\t\t\t\t\t\t\t<select id=\"jour-prefere\"\n\t\t\t\t\t\t\t            name=\"jour-prefere\"\n\t\t\t\t\t\t\t            class=\"form-control\"\n\t\t\t\t\t\t\t            data-bind=\"options: jours,\n\t\t\t\t\t\t\t                       value: jourPrefere,\n\t\t\t\t\t\t\t                       optionsCaption: 'Choisissez'\"><\/select>\n\t\t\t\t\t\t\t  <\/div>\n\t\t\t\t\t\t\t<\/div>\n\t\t\t\t\t\t<\/div>\n\t\t\t\t\t<\/div>\n\t\t\t\t<\/div>\n\t\t\t\t<div class=\"column is-one-quarter\">\n\t\t\t\t\t<div class=\"field\">\n\t\t\t\t\t\t<div class=\"control has-floating-label\">\n\t\t\t\t\t\t\t<div class=\"columns is-vcentered\">\n\t\t\t\t\t\t\t\t<div class=\"column\" style=\"flex:1; text-align:center;\"><span>entre<\/span><\/div>\n\t\t\t\t\t\t\t\t<div class=\"column\" style=\"flex:1.5;\">\n\t\t\t\t\t\t\t\t  <input type=\"time\"\n\t\t\t\t\t\t\t\t         class=\"form-control\"\n\t\t\t\t\t\t\t\t         id=\"heure-deb\"\n\t\t\t\t\t\t\t\t         name=\"heure-deb\"\n\t\t\t\t\t\t\t\t         data-bind=\"value: heureDeb\" \/>\n\t\t\t\t\t\t\t\t<\/div>\n\t\t\t\t\t\t\t<\/div>\n\t\t\t\t\t\t<\/div>\n\t\t\t\t\t<\/div>\n\t\t\t\t<\/div>\n\t\t\t\t<div class=\"column is-one-quarter\">\n\t\t\t\t\t<div class=\"field\">\n\t\t\t\t\t\t<div class=\"control has-floating-label\">\n\t\t\t\t\t\t\t<div class=\"columns is-vcentered\">\n\t\t\t\t\t\t\t\t<div class=\"column\" style=\"flex:1; text-align:center;\"><span>et<\/span><\/div>\n\t\t\t\t\t\t\t\t<div class=\"column\" style=\"flex:2;\">\n\t\t\t\t\t\t\t\t\t<input type=\"time\"\n\t\t\t\t\t\t\t\t\t       class=\"form-control\"\n\t\t\t\t\t\t\t\t\t       id=\"heure-fin\"\n\t\t\t\t\t\t\t\t\t       name=\"heure-fin\"\n\t\t\t\t\t\t\t\t\t       data-bind=\"value: heureFin\" \/>\n\t\t\t\t\t\t\t\t<\/div>\n\t\t\t\t\t\t\t<\/div>\n\t\t\t\t\t\t<\/div>\n\t\t\t\t\t<\/div>\n\t\t\t\t<\/div>\n\t\t\t<\/div>\n\t\t\t<div class=\"field is-control\">\n\t\t\t\t<div class=\"control has-floating-label\">\n\t\t\t\t\t<label class=\"label\" for=\"remarque\">Remarque<\/label>\n\t\t\t\t\t<div>\n\t\t\t\t\t\t<input type=\"text\"\n\t\t\t\t\t\t       class=\"form-control\"\n\t\t\t\t\t\t       id=\"remarque\"\n\t\t\t\t\t\t       name=\"remarque\"\n\t\t\t\t           data-bind=\"value: remarque\" \/>\n\t\t\t\t<\/div>\n\t\t\t\t<\/div>\n\t\t\t<\/div>\n\t\t\t\t\t\t\t<div class=\"frm-contact-spacer\" style=\"background-color: #4caa93\">\n\t\t\t\t\t<span>A propos de votre projet d'extension ou de r\u00e9novation :<\/span>\n\t\t\t\t<\/div>\n\t\t\t\t<div class=\"field\">\n\t\t\t\t\t<div class=\"control has-floating-label\">\n\t\t\t\t\t\t<label class=\"label\" for=\"lieu\">lieu *<\/label>\n\t\t\t\t\t\t<div>\n\t\t\t\t\t\t\t<input type=\"text\"\n\t\t\t\t\t\t\t       class=\"form-control\"\n\t\t\t\t\t\t\t       id=\"lieu\"\n\t\t\t\t\t\t\t       name=\"lieu\"\n\t\t\t\t\t\t\t       data-bind=\"value: lieu, css: { error: lieu.error() && lieu.isModified() }\" \/>\n\t\t\t      <\/div>\n\t\t     \t<\/div>\n\t\t    <\/div>\n\t\t\t\t<div class=\"field\">\n\t\t\t\t\t<div class=\"control has-floating-label\">\n\t\t\t\t\t\t<label class=\"label\" for=\"message\">Votre message<\/label>\n\t\t\t\t\t\t<div>\n\t\t\t\t\t\t\t<textarea class=\"form-control\"\n\t\t\t\t\t\t\t          id=\"message\"\n\t\t\t\t\t\t\t          name=\"message\"\n\t\t\t\t\t\t\t       \t\tdata-bind=\"value: message\"><\/textarea>\n\t\t\t\t\t\t<\/div>\n\t\t\t\t\t<\/div>\n\t\t\t\t<\/div>\n\t\t\t      <div id=\"control-legal\" class=\"control\">\n      \t<div style=\"width: 100%;\">\n      \t\t<div><\/div>\n          <input type=\"checkbox\"\n          \t\t\t class=\"form-control\"\n          \t\t\t id=\"confidentialite\"\n          \t\t\t name=\"confidentialite\"\n          \t\t\t data-bind=\"checked: confidentialite\"\n          \t\t\t style=\"position: absolute; top: 0; height: 18px;\">\n        <\/div>\n        <div style=\"position: absolute; top: 0; left: 30px;\">\n          <label>J'accepte les termes et conditions d'utilisation et la politique de confidentialit\u00e9*.<br><span class=\"atc\" data-atc=\"L21lbnRpb25zLWxlZ2FsZXM=\" style=\"text-decoration:underline;cursor:pointer;\">Lisez les termes et conditions d'utilisation<\/span>.<br><span class=\"atc\" data-atc=\"L3BvbGl0aXF1ZS1kZS1jb25maWRlbnRpYWxpdGU=\" style=\"text-decoration:underline;cursor:pointer;\">Lisez les termes de notre politique de confidentialit\u00e9<\/span><\/label>\n        <\/div>\n      <\/div>\n\t\t\t<div class=\"columns is-vcentered is-mobile\">\n\t\t\t\t<div class=\"column\">\n\t\t\t\t\t<p>* champs obligatoires<\/p>\n\t\t\t\t<\/div>\n\t\t\t\t<div class=\"column\">\n\t\t\t\t\t<input type=\"submit\" style=\"background-color: #4caa93\" value=\"envoyer\" \/>\n\t\t\t<\/div>\n\t\t<\/form>\n\t<\/div>\n<\/div>\n\n<script>\nfunction frmContactModel() {\n\tvar self = this;\n\n\tself.entity           = ko.observable('40');\n\tself.origin           = ko.observable('56');\n\tself.annRef           = ko.observable('');\n\tself.annComm          = ko.observable('');\n\tself.annInsee         = ko.observable('');\n\tself.modele           = ko.observable('');\n\tself.agence           = ko.observable('');\n\tself.comment          = ko.observable('');\n\tself.nom              = ko.observable('').extend( {\n\t\trequired: {\n      message: 'Indiquez votre nom'\n    }\n  } );\n\tself.prenom           = ko.observable('').extend( {\n\t\trequired: {\n      message: 'Indiquez votre pr\u00e9nom'\n    }\n\t} );\n\tself.tel              = ko.observable('').extend( {\n\t\trequired: {\n      message: 'Indiquez votre num\u00e9ro de t\u00e9l\u00e9phone'\n    },\n    pattern: {\n    \tparams: '[0-9]{10}',\n    \tmessage: 'Num\u00e9ro non valide'\n    }\n\t} );\n\tself.email            = ko.observable('').extend( {\n\t\trequired: {\n      message: 'Indiquez votre adresse email'\n    },\n    email: {\n    \tmessage: 'Adresse email non invalid'\n    }\n\t} );\n\t\/*\n\tself.adresse          = ko.observable('');\n\tself.cp               = ko.observable('').extend( {\n    pattern: {\n    \tparams: '[0-9]{5}',\n    \tmessage: 'Code postal non valide'\n    }\n\t} );\n\tself.ville            = ko.observable('');\n\t*\/\n\tself.remarque         = ko.observable('');\n\tself.jours            = ko.observableArray(['Lundi','Mardi','Mercredi','Jeudi','Vendredi','Samedi']);\n\tself.jourPrefere      = ko.observable();\n\tself.heureDeb         = ko.observable();\n\tself.heureFin         = ko.observable();\n\t\t\tself.lieu           = ko.observable('').extend( {\n\t\t\trequired: {\n\t      message: 'Indiquez votre lieu de construction souhait\u00e9'\n\t    }\n\t\t} );\n\t\tself.message          = ko.observable('');\n\tself.confidentialite  = ko.observable(false).extend( {\n\t\tequal: {\n\t\t\tparams: true,\n\t\t\tmessage: 'Vous devez accepter les termes et conditions d\\'utilisation et la politique de confidentialit\u00e9'\n\t\t}\n\t} );\n\tself.isSubmitted      = ko.observable(false);\n\tself.hasBeenSubmitted = ko.observable(false);\n\n\tself.submittedMessage = ko.observable('');\n\n  \/\/ params {\n  \/\/\tnom: -- the value for property nom\n  \/\/  prenom: -- the value for property prenom\n  \/\/  tel: -- the value for property tel\n  \/\/  email: -- the value for property email\n  \/\/  adresse: -- the value for property adresse\n  \/\/  cp: -- the value for property cp\n  \/\/  ville: -- the value for property ville\n  \/\/}\n  self.initContact = function( params ) {\n\t\tif( params.nom )     self.nom( params.selectedKm );\n\t\tif( params.prenom )  self.prenom( params.prenom );\n\t\tif( params.tel )     self.tel( params.tel );\n\t\tif( params.email )   self.email( params.email );\n\t\t\/*\n\t\tif( params.adresse ) self.adresse( params.adresse );\n\t\tif( params.cp )      self.cp( params.cp );\n\t\tif( params.ville )   self.ville( params.ville );\n\t\t*\/\n  }\n\n  self.handleSubmit = function() {\n  \tvar errors = ko.validation.group(self);\n\n  \tif( errors().length > 0 ) {\n  \t\terrors.showAllMessages();\n  \t\treturn;\n  \t}\n\n  \tvar datas = {\n  \t\t\"entity\":          self.entity(),\n  \t\t\"origin\":          self.origin(),\n  \t\t\"annRef\":          self.annRef(),\n  \t\t\"annComm\":         self.annComm(),\n  \t\t\"annInsee\":        self.annInsee(),\n  \t\t\"modele\":          self.modele(),\n  \t\t\"agence\":          self.agence(),\n  \t\t\"comment\":         self.comment(),\n  \t\t\"nom\":             self.nom(),\n  \t\t\"prenom\":          self.prenom(),\n  \t\t\"tel\":             self.tel(),\n  \t\t\"email\":           self.email(),\n  \t\t\/\/\"adresse\":         self.adresse(),\n  \t\t\/\/\"cp\":              self.cp(),\n  \t\t\/\/\"ville\":           self.ville(),\n  \t\t\"remarque\":        self.remarque(),\n  \t\t\"jourRappel\":      self.jourPrefere(),\n  \t\t\"heureDebutRappel\":self.heureDeb(),\n  \t\t\"heureFinRappel\":  self.heureFin(),\n  \t\t\"lieu\":            self.lieu(),\n  \t\t\"message\":         self.message(),\n  \t\t\"confidentialite\": (self.confidentialite() ? \"accepte \":\"n'accepte pas \") + \"les termes et conditions d'utilisation et la politique de confidentialite\"\n  \t}\n\n  \tee.emitEvent( 'submit', [ 'sendContact', datas ]);\n\t\tself.isSubmitted(true);\n\n  }\n\n  self.resultSubmit = function( result, message ) {\n  \tself.submittedMessage( message );\n\t\tself.hasBeenSubmitted(true);\n  }\n}\n\njQuery(document).ready( function() {\n\tvar contactModel = new frmContactModel();\n\tko.applyBindings(contactModel, document.getElementById('frmContactTemplate'));\n\n\t\/\/ passer par l'API storage (localStorage) pour initialiser le formulaire\n\tvar params = sessionStorage.getItem('mdContactParams');\n\tif( params ) {\n\t\tparams = JSON.parse( params );\n\t\tcontactModel.initContact( params );\n\t}\n\n\tee.addListener( 'contactHasBeenSubmited', contactModel.resultSubmit );\n} );\n<\/script>\n\n<\/div>\n<\/div>\n<\/div><\/div>\n","protected":false},"excerpt":{"rendered":"<p>Extension, R\u00e9novation et R\u00e9habilitation sur Niort, La Rochelle et leurs r\u00e9gions Vous aimeriez avoir plus de place pour cr\u00e9er un nouvel espace de nuit , ou bien vous songez \u00e0 vous servir de votre garage pour agrandir la pi\u00e8ce principale ? Vous ne manquez pas d&rsquo;id\u00e9es pour am\u00e9liorer votre habitat&#8230; EVOLU&rsquo;HABITAT vous accompagne pour faire [&hellip;]<\/p>\n","protected":false},"author":1,"featured_media":0,"parent":0,"menu_order":0,"comment_status":"closed","ping_status":"open","template":"","meta":{"_acf_changed":false,"footnotes":""},"class_list":["post-2","page","type-page","status-publish","hentry"],"acf":[],"_links":{"self":[{"href":"https:\/\/maisonsdumarais.com\/extension-renovation\/wp-json\/wp\/v2\/pages\/2","targetHints":{"allow":["GET"]}}],"collection":[{"href":"https:\/\/maisonsdumarais.com\/extension-renovation\/wp-json\/wp\/v2\/pages"}],"about":[{"href":"https:\/\/maisonsdumarais.com\/extension-renovation\/wp-json\/wp\/v2\/types\/page"}],"author":[{"embeddable":true,"href":"https:\/\/maisonsdumarais.com\/extension-renovation\/wp-json\/wp\/v2\/users\/1"}],"replies":[{"embeddable":true,"href":"https:\/\/maisonsdumarais.com\/extension-renovation\/wp-json\/wp\/v2\/comments?post=2"}],"version-history":[{"count":7,"href":"https:\/\/maisonsdumarais.com\/extension-renovation\/wp-json\/wp\/v2\/pages\/2\/revisions"}],"predecessor-version":[{"id":45,"href":"https:\/\/maisonsdumarais.com\/extension-renovation\/wp-json\/wp\/v2\/pages\/2\/revisions\/45"}],"wp:attachment":[{"href":"https:\/\/maisonsdumarais.com\/extension-renovation\/wp-json\/wp\/v2\/media?parent=2"}],"curies":[{"name":"wp","href":"https:\/\/api.w.org\/{rel}","templated":true}]}}